{"id":2,"date":"2018-05-16T15:46:12","date_gmt":"2018-05-16T13:46:12","guid":{"rendered":"https:\/\/therabionic.de\/de\/?page_id=2"},"modified":"2020-02-18T15:06:59","modified_gmt":"2020-02-18T14:06:59","slug":"home","status":"publish","type":"page","link":"https:\/\/therabionic.de\/de\/","title":{"rendered":"Startseite"},"content":{"rendered":"<p>Dies ist eine Beispiel-Seite. Sie unterscheidet sich von Beitr\u00e4gen, da sie stets an der selben Stelle bleibt und (bei den meisten Themes) in der Navigation angezeigt wird. Die meisten Leute starten mit einem Impressum oder einer \u201e\u00dcber uns\u201c-Seite mit einer Vorstellung f\u00fcr m\u00f6gliche Besucher der Website. Dort k\u00f6nnte zum Beispiel stehen:<\/p>\n<blockquote><p>Hallo! Tags\u00fcber arbeite ich als Fahrradkurier, nachts bin ich ein aufstrebender Schauspieler und dies hier ist meine Website. Ich lebe in Berlin, habe einen gro\u00dfen Hund namens Jack, mag Pi\u00f1a Coladas, jedoch weniger (ohne Schirm) im Regen stehen gelassen zu werden.<\/p><\/blockquote>\n<p>&#8230;oder sowas wie:<\/p>\n<blockquote><p>Unsere Firma XYZ wurde 1971 gegr\u00fcndet und hat seither eine Menge hochqualitativen ABC f\u00fcr die \u00d6ffentlichkeit produziert. Ans\u00e4ssig in Gotham City, hat XYZ mittlerweile \u00fcber 2.000 Mitarbeiter und entwickelt immer wieder gro\u00dfartige Dinge f\u00fcr die ganze Gotham-Gemeinschaft.<\/p><\/blockquote>\n<p>Als neuer WordPress-Benutzer solltest du das <a href=\"https:\/\/therabionic.de\/de\/wp-admin\/\">Dashboard<\/a> aufrufen, um diese Seite zu l\u00f6schen und statt dessen eine neue Seite mit deinen eigenen Inhalten erstellen. Viel Spa\u00df!<\/p>\n","protected":false},"excerpt":{"rendered":"<p>Dies ist eine Beispiel-Seite. Sie unterscheidet sich von Beitr\u00e4gen, da sie stets an der selben Stelle bleibt und (bei den meisten Themes) in der Navigation angezeigt wird. Die meisten Leute starten mit einem Impressum oder einer \u201e\u00dcber uns\u201c-Seite mit einer Vorstellung f\u00fcr m\u00f6gliche Besucher der Website. Dort k\u00f6nnte zum Beispiel stehen: Hallo! Tags\u00fcber arbeite ich &hellip; <\/p>\n<p class=\"link-more\"><a href=\"https:\/\/therabionic.de\/de\/\" class=\"more-link\">Lesen Sie weiter<span class=\"screen-reader-text\"> &#8222;Startseite&#8220;<\/span><\/a><\/p>\n","protected":false},"author":1,"featured_media":0,"parent":0,"menu_order":0,"comment_status":"closed","ping_status":"closed","template":"","meta":{"_acf_changed":false,"footnotes":""},"class_list":["post-2","page","type-page","status-publish","hentry"],"acf":[],"yoast_head":"<!-- This site is optimized with the Yoast SEO plugin v27.4 - https:\/\/yoast.com\/product\/yoast-seo-wordpress\/ -->\n<title>Startseite - DE - TheraBionic P1 - Effektive Behandlung f\u00fcr verschiedene Formen von Krebs<\/title>\n<meta name=\"robots\" content=\"index, follow, max-snippet:-1, max-image-preview:large, max-video-preview:-1\" \/>\n<link rel=\"canonical\" href=\"https:\/\/therabionic.de\/de\/\" \/>\n<meta property=\"og:locale\" content=\"de_DE\" \/>\n<meta property=\"og:type\" content=\"article\" \/>\n<meta property=\"og:title\" content=\"Startseite - DE - TheraBionic P1 - Effektive Behandlung f\u00fcr verschiedene Formen von Krebs\" \/>\n<meta property=\"og:description\" content=\"Dies ist eine Beispiel-Seite. Sie unterscheidet sich von Beitr\u00e4gen, da sie stets an der selben Stelle bleibt und (bei den meisten Themes) in der Navigation angezeigt wird. Die meisten Leute starten mit einem Impressum oder einer \u201e\u00dcber uns\u201c-Seite mit einer Vorstellung f\u00fcr m\u00f6gliche Besucher der Website. Dort k\u00f6nnte zum Beispiel stehen: Hallo! Tags\u00fcber arbeite ich &hellip; Lesen Sie weiter &quot;Startseite&quot;\" \/>\n<meta property=\"og:url\" content=\"https:\/\/therabionic.de\/de\/\" \/>\n<meta property=\"og:site_name\" content=\"DE - TheraBionic P1 - Effektive Behandlung f\u00fcr verschiedene Formen von Krebs\" \/>\n<meta property=\"article:modified_time\" content=\"2020-02-18T14:06:59+00:00\" \/>\n<meta name=\"twitter:card\" content=\"summary_large_image\" \/>\n<meta name=\"twitter:label1\" content=\"Gesch\u00e4tzte Lesezeit\" \/>\n\t<meta name=\"twitter:data1\" content=\"1\u00a0Minute\" \/>\n<script type=\"application\/ld+json\" class=\"yoast-schema-graph\">{\"@context\":\"https:\\\/\\\/schema.org\",\"@graph\":[{\"@type\":\"WebPage\",\"@id\":\"https:\\\/\\\/therabionic.de\\\/de\\\/\",\"url\":\"https:\\\/\\\/therabionic.de\\\/de\\\/\",\"name\":\"Startseite - DE - TheraBionic P1 - Effektive Behandlung f\u00fcr verschiedene Formen von Krebs\",\"isPartOf\":{\"@id\":\"https:\\\/\\\/therabionic.de\\\/de\\\/#website\"},\"datePublished\":\"2018-05-16T13:46:12+00:00\",\"dateModified\":\"2020-02-18T14:06:59+00:00\",\"breadcrumb\":{\"@id\":\"https:\\\/\\\/therabionic.de\\\/de\\\/#breadcrumb\"},\"inLanguage\":\"de\",\"potentialAction\":[{\"@type\":\"ReadAction\",\"target\":[\"https:\\\/\\\/therabionic.de\\\/de\\\/\"]}]},{\"@type\":\"BreadcrumbList\",\"@id\":\"https:\\\/\\\/therabionic.de\\\/de\\\/#breadcrumb\",\"itemListElement\":[{\"@type\":\"ListItem\",\"position\":1,\"name\":\"Startseite\",\"item\":\"https:\\\/\\\/therabionic.de\\\/de\\\/\"},{\"@type\":\"ListItem\",\"position\":2,\"name\":\"Startseite\"}]},{\"@type\":\"WebSite\",\"@id\":\"https:\\\/\\\/therabionic.de\\\/de\\\/#website\",\"url\":\"https:\\\/\\\/therabionic.de\\\/de\\\/\",\"name\":\"DE - TheraBionic P1 - Effektive Behandlung f\u00fcr verschiedene Formen von Krebs\",\"description\":\"\",\"publisher\":{\"@id\":\"https:\\\/\\\/therabionic.de\\\/de\\\/#organization\"},\"potentialAction\":[{\"@type\":\"SearchAction\",\"target\":{\"@type\":\"EntryPoint\",\"urlTemplate\":\"https:\\\/\\\/therabionic.de\\\/de\\\/?s={search_term_string}\"},\"query-input\":{\"@type\":\"PropertyValueSpecification\",\"valueRequired\":true,\"valueName\":\"search_term_string\"}}],\"inLanguage\":\"de\"},{\"@type\":\"Organization\",\"@id\":\"https:\\\/\\\/therabionic.de\\\/de\\\/#organization\",\"name\":\"DE - TheraBionic P1 - Effektive Behandlung f\u00fcr verschiedene Formen von Krebs\",\"url\":\"https:\\\/\\\/therabionic.de\\\/de\\\/\",\"logo\":{\"@type\":\"ImageObject\",\"inLanguage\":\"de\",\"@id\":\"https:\\\/\\\/therabionic.de\\\/de\\\/#\\\/schema\\\/logo\\\/image\\\/\",\"url\":\"https:\\\/\\\/therabionic.de\\\/de\\\/wp-content\\\/uploads\\\/sites\\\/3\\\/2018\\\/08\\\/TheraBionic_Logo.png\",\"contentUrl\":\"https:\\\/\\\/therabionic.de\\\/de\\\/wp-content\\\/uploads\\\/sites\\\/3\\\/2018\\\/08\\\/TheraBionic_Logo.png\",\"width\":200,\"height\":198,\"caption\":\"DE - TheraBionic P1 - Effektive Behandlung f\u00fcr verschiedene Formen von Krebs\"},\"image\":{\"@id\":\"https:\\\/\\\/therabionic.de\\\/de\\\/#\\\/schema\\\/logo\\\/image\\\/\"}}]}<\/script>\n<!-- \/ Yoast SEO plugin. -->","yoast_head_json":{"title":"Startseite - DE - TheraBionic P1 - Effektive Behandlung f\u00fcr verschiedene Formen von Krebs","robots":{"index":"index","follow":"follow","max-snippet":"max-snippet:-1","max-image-preview":"max-image-preview:large","max-video-preview":"max-video-preview:-1"},"canonical":"https:\/\/therabionic.de\/de\/","og_locale":"de_DE","og_type":"article","og_title":"Startseite - DE - TheraBionic P1 - Effektive Behandlung f\u00fcr verschiedene Formen von Krebs","og_description":"Dies ist eine Beispiel-Seite. Sie unterscheidet sich von Beitr\u00e4gen, da sie stets an der selben Stelle bleibt und (bei den meisten Themes) in der Navigation angezeigt wird. Die meisten Leute starten mit einem Impressum oder einer \u201e\u00dcber uns\u201c-Seite mit einer Vorstellung f\u00fcr m\u00f6gliche Besucher der Website. Dort k\u00f6nnte zum Beispiel stehen: Hallo! Tags\u00fcber arbeite ich &hellip; Lesen Sie weiter \"Startseite\"","og_url":"https:\/\/therabionic.de\/de\/","og_site_name":"DE - TheraBionic P1 - Effektive Behandlung f\u00fcr verschiedene Formen von Krebs","article_modified_time":"2020-02-18T14:06:59+00:00","twitter_card":"summary_large_image","twitter_misc":{"Gesch\u00e4tzte Lesezeit":"1\u00a0Minute"},"schema":{"@context":"https:\/\/schema.org","@graph":[{"@type":"WebPage","@id":"https:\/\/therabionic.de\/de\/","url":"https:\/\/therabionic.de\/de\/","name":"Startseite - DE - TheraBionic P1 - Effektive Behandlung f\u00fcr verschiedene Formen von Krebs","isPartOf":{"@id":"https:\/\/therabionic.de\/de\/#website"},"datePublished":"2018-05-16T13:46:12+00:00","dateModified":"2020-02-18T14:06:59+00:00","breadcrumb":{"@id":"https:\/\/therabionic.de\/de\/#breadcrumb"},"inLanguage":"de","potentialAction":[{"@type":"ReadAction","target":["https:\/\/therabionic.de\/de\/"]}]},{"@type":"BreadcrumbList","@id":"https:\/\/therabionic.de\/de\/#breadcrumb","itemListElement":[{"@type":"ListItem","position":1,"name":"Startseite","item":"https:\/\/therabionic.de\/de\/"},{"@type":"ListItem","position":2,"name":"Startseite"}]},{"@type":"WebSite","@id":"https:\/\/therabionic.de\/de\/#website","url":"https:\/\/therabionic.de\/de\/","name":"DE - TheraBionic P1 - Effektive Behandlung f\u00fcr verschiedene Formen von Krebs","description":"","publisher":{"@id":"https:\/\/therabionic.de\/de\/#organization"},"potentialAction":[{"@type":"SearchAction","target":{"@type":"EntryPoint","urlTemplate":"https:\/\/therabionic.de\/de\/?s={search_term_string}"},"query-input":{"@type":"PropertyValueSpecification","valueRequired":true,"valueName":"search_term_string"}}],"inLanguage":"de"},{"@type":"Organization","@id":"https:\/\/therabionic.de\/de\/#organization","name":"DE - TheraBionic P1 - Effektive Behandlung f\u00fcr verschiedene Formen von Krebs","url":"https:\/\/therabionic.de\/de\/","logo":{"@type":"ImageObject","inLanguage":"de","@id":"https:\/\/therabionic.de\/de\/#\/schema\/logo\/image\/","url":"https:\/\/therabionic.de\/de\/wp-content\/uploads\/sites\/3\/2018\/08\/TheraBionic_Logo.png","contentUrl":"https:\/\/therabionic.de\/de\/wp-content\/uploads\/sites\/3\/2018\/08\/TheraBionic_Logo.png","width":200,"height":198,"caption":"DE - TheraBionic P1 - Effektive Behandlung f\u00fcr verschiedene Formen von Krebs"},"image":{"@id":"https:\/\/therabionic.de\/de\/#\/schema\/logo\/image\/"}}]}},"amp_enabled":false,"_links":{"self":[{"href":"https:\/\/therabionic.de\/de\/wp-json\/wp\/v2\/pages\/2","targetHints":{"allow":["GET"]}}],"collection":[{"href":"https:\/\/therabionic.de\/de\/wp-json\/wp\/v2\/pages"}],"about":[{"href":"https:\/\/therabionic.de\/de\/wp-json\/wp\/v2\/types\/page"}],"author":[{"embeddable":true,"href":"https:\/\/therabionic.de\/de\/wp-json\/wp\/v2\/users\/1"}],"replies":[{"embeddable":true,"href":"https:\/\/therabionic.de\/de\/wp-json\/wp\/v2\/comments?post=2"}],"version-history":[{"count":56,"href":"https:\/\/therabionic.de\/de\/wp-json\/wp\/v2\/pages\/2\/revisions"}],"predecessor-version":[{"id":936,"href":"https:\/\/therabionic.de\/de\/wp-json\/wp\/v2\/pages\/2\/revisions\/936"}],"wp:attachment":[{"href":"https:\/\/therabionic.de\/de\/wp-json\/wp\/v2\/media?parent=2"}],"curies":[{"name":"wp","href":"https:\/\/api.w.org\/{rel}","templated":true}]}}